{"id":600,"date":"2013-01-21T17:09:05","date_gmt":"2013-01-21T17:09:05","guid":{"rendered":"http:\/\/www.culturesofknowledge.org\/?page_id=600"},"modified":"2022-06-22T09:11:42","modified_gmt":"2022-06-22T09:11:42","slug":"nora-gadeke","status":"publish","type":"page","link":"https:\/\/www.culturesofknowledge.org\/?page_id=600","title":{"rendered":"Nora G\u00e4deke"},"content":{"rendered":"<p>&nbsp;<\/p>\n<h1>Work in Progress: Leibniz\u2019s Correspondence Network<\/h1>\n<h2><a href=\"https:\/\/www.culturesofknowledge.org\/?page_id=187#2011-Seminars\">2011 Seminar Series<\/a> \/ Thursday 12 May, 2011<\/h2>\n<audio class=\"wp-audio-shortcode\" id=\"audio-600-1\" preload=\"none\" style=\"width: 100%;\" controls=\"controls\"><source type=\"audio\/mpeg\" src=\"http:\/\/cofk.history.ox.ac.uk\/wp-content\/uploads\/2011\/07\/gaedeke_edited.mp3?_=1\" \/><a href=\"http:\/\/cofk.history.ox.ac.uk\/wp-content\/uploads\/2011\/07\/gaedeke_edited.mp3\">http:\/\/cofk.history.ox.ac.uk\/wp-content\/uploads\/2011\/07\/gaedeke_edited.mp3<\/a><\/audio>\n<p><strong>Dr Nora G\u00e4deke<\/strong> (Gottfried Wilhelm Leibniz Bibliothek) provides a privileged insight into the <a href=\"http:\/\/www.leibniz-edition.de\/\" target=\"_blank\" rel=\"noopener\">edition of Leibniz&#8217;s correspondence<\/a> currently being reconstructed by the Akademie-Ausgabe, a group of collaborators in Potsdam, M\u00fcnster, Hannover, and Berlin, under the aegis of the Academies of Science of G\u00f6ttingen and Berlin-Brandenburg. In a detailed and reflexive analysis, G\u00e4deke outlines the epistolary activities and contacts of this prolific correspondent, whose surviving letters number c.15,000-20,000, and who saw letter-writing as \u2018one of the main characteristics of his life\u2019. She also describes the editorial principles and strategies of the definitive, multi-volume Akademie-Ausgabe edition, which include reproducing all items of Leibniz\u2019s corpus chronologically and topically (including all extant copies), as well as the creation of a full critical apparatus, and considers the practical and conceptual challenges posed by such an ambitious, \u2018cinematic\u2019 enterprise. G\u00e4deke concludes her talk by discussing and demonstrating the <a href=\"http:\/\/www.gwlb.de\/Leibniz\/Leibnizarchiv\/Veroeffentlichungen\/Korrespondentendatenbank\/index.php\" target=\"_blank\" rel=\"noopener\">database<\/a> of Leibniz\u2019s correspondence, one of a series of innovative <a href=\"http:\/\/www.leibniz-edition.de\/Hilfsmittel\/\" target=\"_blank\" rel=\"noopener\">online tools<\/a> developed by the project to facilitate editorial work on the hard-copy volumes and disseminate some key findings beyond the edition itself.<\/p>\n<p>&nbsp;<\/p>\n","protected":false},"excerpt":{"rendered":"<p>&nbsp; Work in Progress: Leibniz\u2019s Correspondence Network 2011 Seminar Series \/ Thursday 12 May, 2011 Dr Nora G\u00e4deke (Gottfried Wilhelm Leibniz Bibliothek) provides a privileged insight into the edition of Leibniz&#8217;s correspondence currently being reconstructed by the Akademie-Ausgabe, a group of collaborators in Potsdam, M\u00fcnster, Hannover, and Berlin, under the aegis of the Academies of [&hellip;]<\/p>\n","protected":false},"author":2,"featured_media":0,"parent":187,"menu_order":0,"comment_status":"closed","ping_status":"closed","template":"","meta":{"footnotes":"","_links_to":"","_links_to_target":""},"class_list":["post-600","page","type-page","status-publish","hentry"],"jetpack_sharing_enabled":true,"_links":{"self":[{"href":"https:\/\/www.culturesofknowledge.org\/index.php?rest_route=\/wp\/v2\/pages\/600","targetHints":{"allow":["GET"]}}],"collection":[{"href":"https:\/\/www.culturesofknowledge.org\/index.php?rest_route=\/wp\/v2\/pages"}],"about":[{"href":"https:\/\/www.culturesofknowledge.org\/index.php?rest_route=\/wp\/v2\/types\/page"}],"author":[{"embeddable":true,"href":"https:\/\/www.culturesofknowledge.org\/index.php?rest_route=\/wp\/v2\/users\/2"}],"replies":[{"embeddable":true,"href":"https:\/\/www.culturesofknowledge.org\/index.php?rest_route=%2Fwp%2Fv2%2Fcomments&post=600"}],"version-history":[{"count":1,"href":"https:\/\/www.culturesofknowledge.org\/index.php?rest_route=\/wp\/v2\/pages\/600\/revisions"}],"predecessor-version":[{"id":11985,"href":"https:\/\/www.culturesofknowledge.org\/index.php?rest_route=\/wp\/v2\/pages\/600\/revisions\/11985"}],"up":[{"embeddable":true,"href":"https:\/\/www.culturesofknowledge.org\/index.php?rest_route=\/wp\/v2\/pages\/187"}],"wp:attachment":[{"href":"https:\/\/www.culturesofknowledge.org\/index.php?rest_route=%2Fwp%2Fv2%2Fmedia&parent=600"}],"curies":[{"name":"wp","href":"https:\/\/api.w.org\/{rel}","templated":true}]}}